{"id":2,"date":"2012-11-30T18:37:45","date_gmt":"2012-11-30T18:37:45","guid":{"rendered":"http:\/\/waffelhoelzchen.de\/?page_id=2"},"modified":"2013-04-20T13:07:01","modified_gmt":"2013-04-20T13:07:01","slug":"sample-page","status":"publish","type":"page","link":"http:\/\/waffelhoelzchen.de\/?page_id=2","title":{"rendered":"Das Waffelh\u00f6lzchen"},"content":{"rendered":"<p>Eigentlich hei\u00dft er ja &#8222;Zucker-W\u00e4ffelchen-Wickelstab&#8220;, so zumindest hat ihn mein Vater genannt und unter diesem Namen an seine Schwestern, die T\u00f6chter, Enkelinnen und Freundinnen der Familie verschenkt. Eine seiner zahlreichen Erfindungen die alle nur ein Ziel hatten, das Leben etwas leichter und einfacher zu machen. Und wie alle seine Erfindungen, hat auch der &#8222;Zucker-W\u00e4ffelchen-Wickelstab&#8220; seine eigene kleine Geschichte.<\/p>\n<p>Zu den verschiedenen Angelegenheiten wie bei Familienfeiern, zur Kirmes oder wenn sich Besuch angesagt hat backt Oma Trini gerne W\u00e4ffelchen. Vor einigen Jahren brach sie sich aber den Arm und war daraufhin lange Zeit in ihren Bewegungen sehr eingeschr\u00e4nkt und konnte unter anderem auch keine W\u00e4ffelchen mehr backen, da es einfach zu beschwerlich war. Opa Alfred aber, der eigentlich nicht wirklich eine begnadete K\u00fcchenfee ist, nahm das Waffel backen auf sich.<br \/>\nNun m\u00fcssen die Waffeln aber auf dem hei\u00dfen Eisen zusammengerollt werden, denn wenn sie abk\u00fchlen sind sie hart. Wie Opa Alfred erfahren musste, ist das eine m\u00fchselige Arbeit, bei der man sich zudem noch st\u00e4ndig an den hei\u00dfen Waffeln oder dem hei\u00dfen Waffeleisen verbrennt. So manche Hausfrau wird das kennen und sich im Laufe der Jahre eine &#8222;dicke Haut&#8220; zugelegt haben. Opa Alfred aber wollte sich damit nicht abfinden und wie so oft in seinem Leben dachte er &#8222;<em>Das muss doch auch anders gehen!<\/em>&#8222;.<br \/>\nEr hat sicher nicht sehr lange \u00fcberlegen m\u00fcssen und die Idee, wie man sich in Zukunft nicht mehr die Finger verbrennt und auch noch schneller und angenehmer arbeiten kann, lie\u00df nicht lange auf sich warten. Der &#8222;W\u00e4ffelchenwickelstab&#8220;.<\/p>\n<blockquote><p>&#8222;Was die Oma und viele andere Hausfrauen lange Jahre stillschweigend auf sich nahmen, wurde f\u00fcr Opa Alfred zum Innovationsmotor. Nie mehr verbrannte Finger beim Waffelbacken.&#8220;<\/p><\/blockquote>\n<p>Und inzwischen geben zahlreiche Frauen unserem Opa Alfred recht. Der &#8222;W\u00e4ffelchenwickelstab&#8220; h\u00e4lt, was er verspricht \ud83d\ude09<\/p>\n<p style=\"padding-left: 30px;\">Wie man Zuckerwafeln backt erf\u00e4hrst Du unter <a title=\"Das Waffelrezept\" href=\"http:\/\/waffelhoelzchen.de\/?page_id=36\">Rezept<\/a>.<\/p>\n<p style=\"padding-left: 30px;\">Wie man den &#8222;W\u00e4ffelchenwickelstab&#8220; verwendet, steht in der <a title=\"Gebrauchsanweisung\" href=\"http:\/\/waffelhoelzchen.de\/?page_id=34\">Gebrauchsanweisung<\/a>.<\/p>\n","protected":false},"excerpt":{"rendered":"<p>Eigentlich hei\u00dft er ja &#8222;Zucker-W\u00e4ffelchen-Wickelstab&#8220;, so zumindest hat ihn mein Vater genannt und unter diesem Namen an seine Schwestern, die T\u00f6chter, Enkelinnen und Freundinnen der Familie verschenkt. Eine seiner zahlreichen Erfindungen die alle nur ein Ziel hatten, das Leben etwas &hellip; <a href=\"http:\/\/waffelhoelzchen.de\/?page_id=2\">Weiterlesen <span class=\"meta-nav\">&rarr;<\/span><\/a><\/p>\n","protected":false},"author":1,"featured_media":0,"parent":0,"menu_order":0,"comment_status":"open","ping_status":"open","template":"","meta":[],"_links":{"self":[{"href":"http:\/\/waffelhoelzchen.de\/index.php?rest_route=\/wp\/v2\/pages\/2"}],"collection":[{"href":"http:\/\/waffelhoelzchen.de\/index.php?rest_route=\/wp\/v2\/pages"}],"about":[{"href":"http:\/\/waffelhoelzchen.de\/index.php?rest_route=\/wp\/v2\/types\/page"}],"author":[{"embeddable":true,"href":"http:\/\/waffelhoelzchen.de\/index.php?rest_route=\/wp\/v2\/users\/1"}],"replies":[{"embeddable":true,"href":"http:\/\/waffelhoelzchen.de\/index.php?rest_route=%2Fwp%2Fv2%2Fcomments&post=2"}],"version-history":[{"count":0,"href":"http:\/\/waffelhoelzchen.de\/index.php?rest_route=\/wp\/v2\/pages\/2\/revisions"}],"wp:attachment":[{"href":"http:\/\/waffelhoelzchen.de\/index.php?rest_route=%2Fwp%2Fv2%2Fmedia&parent=2"}],"curies":[{"name":"wp","href":"https:\/\/api.w.org\/{rel}","templated":true}]}}