{"id":20,"date":"2012-12-07T19:07:08","date_gmt":"2012-12-07T19:07:08","guid":{"rendered":"http:\/\/waffelhoelzchen.de\/?page_id=20"},"modified":"2014-02-22T20:43:32","modified_gmt":"2014-02-22T20:43:32","slug":"opa-alfred","status":"publish","type":"page","link":"http:\/\/waffelhoelzchen.de\/?page_id=20","title":{"rendered":"Opa Alfred"},"content":{"rendered":"<p>Ein ganzes Leben lang flei\u00dfig und auch im doch nun recht fortgeschrittenen Alter etwas unruhig. Stillsitzen geht nur schlecht &#8211; eigentlich gar nicht.<br \/>\nNiemand, der um Hilfe bittet wird davon geschickt, auch heute noch. Und immer noch ein gefragter Mann, vor allem bei Fragen rund um das Thema Holz. Denn das ist irgendwie sein Leben. Zimmermann, Schreiner, eigentlich Stellmacher. Haus- und Hofgestalter, Ehemann, Vater, Freund und Vereinsgr\u00fcnder. Gro\u00dfvater, Urgro\u00dfvater und ehemaliger B\u00fcrgermeister. Meistens lustig, immer musikalisch, stets freundlich. Ausser manchmal: dann ist er starrk\u00f6pfig, will es so wie er es will. Ist so, wie wir alle auch. Ist Mensch und Menschenfreund. Und Vieles mehr. Eigentlich schwer zu beschreiben, weil er so Vieles ist.<\/p>\n<p><a href=\"http:\/\/waffelhoelzchen.de\/wp-content\/uploads\/2012\/12\/PapaAok.jpg\"><img decoding=\"async\" loading=\"lazy\" class=\"alignnone size-thumbnail wp-image-23\" title=\"Papa\" src=\"http:\/\/waffelhoelzchen.de\/wp-content\/uploads\/2012\/12\/PapaAok-150x150.jpg\" alt=\"\" width=\"150\" height=\"150\" \/><\/a><\/p>\n<p>Das ist Opa Alfred. Erfinder. Mann, der sich zu helfen wei\u00df. Sch\u00f6pfer des Waffelh\u00f6lzchens. Wie es dazu kam? <a title=\"Das Waffelh\u00f6lzchen\" href=\"http:\/\/waffelhoelzchen.de\/?page_id=2\">Lest ihr hier.<\/a><\/p>\n","protected":false},"excerpt":{"rendered":"<p>Ein ganzes Leben lang flei\u00dfig und auch im doch nun recht fortgeschrittenen Alter etwas unruhig. Stillsitzen geht nur schlecht &#8211; eigentlich gar nicht. Niemand, der um Hilfe bittet wird davon geschickt, auch heute noch. Und immer noch ein gefragter Mann, &hellip; <a href=\"http:\/\/waffelhoelzchen.de\/?page_id=20\">Weiterlesen <span class=\"meta-nav\">&rarr;<\/span><\/a><\/p>\n","protected":false},"author":1,"featured_media":0,"parent":0,"menu_order":0,"comment_status":"open","ping_status":"open","template":"","meta":[],"_links":{"self":[{"href":"http:\/\/waffelhoelzchen.de\/index.php?rest_route=\/wp\/v2\/pages\/20"}],"collection":[{"href":"http:\/\/waffelhoelzchen.de\/index.php?rest_route=\/wp\/v2\/pages"}],"about":[{"href":"http:\/\/waffelhoelzchen.de\/index.php?rest_route=\/wp\/v2\/types\/page"}],"author":[{"embeddable":true,"href":"http:\/\/waffelhoelzchen.de\/index.php?rest_route=\/wp\/v2\/users\/1"}],"replies":[{"embeddable":true,"href":"http:\/\/waffelhoelzchen.de\/index.php?rest_route=%2Fwp%2Fv2%2Fcomments&post=20"}],"version-history":[{"count":0,"href":"http:\/\/waffelhoelzchen.de\/index.php?rest_route=\/wp\/v2\/pages\/20\/revisions"}],"wp:attachment":[{"href":"http:\/\/waffelhoelzchen.de\/index.php?rest_route=%2Fwp%2Fv2%2Fmedia&parent=20"}],"curies":[{"name":"wp","href":"https:\/\/api.w.org\/{rel}","templated":true}]}}