{"id":36,"date":"2012-12-08T12:35:08","date_gmt":"2012-12-08T12:35:08","guid":{"rendered":"http:\/\/waffelhoelzchen.de\/?page_id=36"},"modified":"2012-12-08T12:45:35","modified_gmt":"2012-12-08T12:45:35","slug":"das-wafflerezept","status":"publish","type":"page","link":"http:\/\/waffelhoelzchen.de\/?page_id=36","title":{"rendered":"Das Waffelrezept"},"content":{"rendered":"<p>Waffeln backen ist nicht schwer, schon gar nicht mit &#8222;Opa&#8217;s W\u00e4ffelchenwickelstab&#8220;. Dennoch, ohne Rezept geht es nicht. Und wenn Du kein eigenes Rezept hast oder es so machen m\u00f6chtest wie Opa Alfred, dann nimm dieses Rezept:<\/p>\n<p><strong>Zuckerw\u00e4ffelchen<\/strong><\/p>\n<p style=\"padding-left: 30px;\"><strong>Zutaten:<\/strong><\/p>\n<ul style=\"padding-left: 30px;\">\n<li style=\"padding-left: 30px;\">250 Gramm Mehl<\/li>\n<li style=\"padding-left: 30px;\">250 Gramm Zucker<\/li>\n<li style=\"padding-left: 30px;\">250 Gramm Butter<\/li>\n<li style=\"padding-left: 30px;\">6 Eier<\/li>\n<li style=\"padding-left: 30px;\">1 W\u00e4ffelchenwickelstab<\/li>\n<\/ul>\n<p style=\"padding-left: 30px;\"><strong>Zubereitung:<\/strong><br \/>\nDie Butter (Zimmertemperatur) r\u00fchrt man schaumig. Nach und \u00b4nach f\u00fcgt man den Zucker und die Eier dazu. Als letztes gibt man das gesiebte Mehl hinzu und r\u00fchrt den ganzen Teig gut durch. Der Teig sollte steif, nicht mehr fl\u00fcssig sein.<\/p>\n<p style=\"padding-left: 30px;\"><strong>Backvorgang<\/strong>:<br \/>\nAuf das vorgeheizte Eisen gibt man etwa einen geh\u00e4uften Teel\u00f6ffel Teig und backt diesen fertig.<br \/>\nMit dem Wickelstab kann man sowohl R\u00f6llchen, als auch T\u00fctchen (H\u00f6rnchen) auf dem Eisen wickeln. Beim Wickeln von T\u00fctchen wird der Wickelstab w\u00e4hrend des Wickelns angehoben, weitergedreht und wieder abgesenkt. Die fertige Waffel wird zum Abk\u00fchlen neben das Eisen gelegt. Wenn das Eisen wieder gef\u00fcllt ist, kann man die abgek\u00fchlte Waffel vom Stab nehmen.<\/p>\n<p style=\"padding-left: 30px;\">Eine genaue Anleitung zur Verwendung das &#8222;W\u00e4ffelchenwickelstabes&#8220; findest Du unter dem Punkt <a title=\"Gebrauchsanweisung\" href=\"http:\/\/waffelhoelzchen.de\/?page_id=34\">Gebrauchsanweisung<\/a>.<\/p>\n","protected":false},"excerpt":{"rendered":"<p>Waffeln backen ist nicht schwer, schon gar nicht mit &#8222;Opa&#8217;s W\u00e4ffelchenwickelstab&#8220;. Dennoch, ohne Rezept geht es nicht. Und wenn Du kein eigenes Rezept hast oder es so machen m\u00f6chtest wie Opa Alfred, dann nimm dieses Rezept: Zuckerw\u00e4ffelchen Zutaten: 250 Gramm &hellip; <a href=\"http:\/\/waffelhoelzchen.de\/?page_id=36\">Weiterlesen <span class=\"meta-nav\">&rarr;<\/span><\/a><\/p>\n","protected":false},"author":1,"featured_media":0,"parent":2,"menu_order":0,"comment_status":"open","ping_status":"open","template":"","meta":[],"_links":{"self":[{"href":"http:\/\/waffelhoelzchen.de\/index.php?rest_route=\/wp\/v2\/pages\/36"}],"collection":[{"href":"http:\/\/waffelhoelzchen.de\/index.php?rest_route=\/wp\/v2\/pages"}],"about":[{"href":"http:\/\/waffelhoelzchen.de\/index.php?rest_route=\/wp\/v2\/types\/page"}],"author":[{"embeddable":true,"href":"http:\/\/waffelhoelzchen.de\/index.php?rest_route=\/wp\/v2\/users\/1"}],"replies":[{"embeddable":true,"href":"http:\/\/waffelhoelzchen.de\/index.php?rest_route=%2Fwp%2Fv2%2Fcomments&post=36"}],"version-history":[{"count":0,"href":"http:\/\/waffelhoelzchen.de\/index.php?rest_route=\/wp\/v2\/pages\/36\/revisions"}],"up":[{"embeddable":true,"href":"http:\/\/waffelhoelzchen.de\/index.php?rest_route=\/wp\/v2\/pages\/2"}],"wp:attachment":[{"href":"http:\/\/waffelhoelzchen.de\/index.php?rest_route=%2Fwp%2Fv2%2Fmedia&parent=36"}],"curies":[{"name":"wp","href":"https:\/\/api.w.org\/{rel}","templated":true}]}}